{"id":4947,"date":"2020-04-23T14:58:29","date_gmt":"2020-04-23T13:58:29","guid":{"rendered":"https:\/\/www.groupe-thebault.com\/the-group\/the-wood-resource\/"},"modified":"2025-02-25T09:03:30","modified_gmt":"2025-02-25T08:03:30","slug":"the-wood-resource","status":"publish","type":"page","link":"https:\/\/www.groupe-thebault.com\/en\/thebault-group\/the-wood-resource\/","title":{"rendered":"The wood resource"},"content":{"rendered":"\n<p><span class=\"editor-titre\">Wood supply<\/span><\/p>\n\n\n\n<ul>\n<li><span class=\"editor-titre3\">Maritime Pine supply<\/span><\/li>\n<\/ul>\n<p>Our production sites at Sauz\u00e9\u2013Vaussais, and more particularly Solf\u00e9rino, are ideally located near to, and in the heart of, the Landes forest. The Landes de Gascogne forest is the largest in France, stretching over 1,800,000 hectares and 90 millions m3 of standing wood. Maritime Pine (Pinus Pinaster), is the most common wood specie in the forest, accounting for two thirds of the tree stock. The maritime pine stock is managed in cycles of around fifty years. The raw materials used in our factories to produce Maritime Pine plywood are entirely sourced from the surrounding forest.<\/p>\n\n\n\n<p><span class=\"editor-titre3\"><span style=\"color: #ff9900\">\u25ba <\/span>LOGIFOR corporation<\/span><\/p>\n\n\n\n<div class=\"wp-block-columns is-layout-flex wp-container-core-columns-is-layout-9d6595d7 wp-block-columns-is-layout-flex\">\n<div class=\"wp-block-column is-layout-flow wp-block-column-is-layout-flow\" style=\"flex-basis:33.33%\">\n<figure class=\"wp-block-image size-large\"><img loading=\"lazy\" decoding=\"async\" width=\"1024\" height=\"204\" src=\"https:\/\/www.groupe-thebault.com\/wp-content\/uploads\/2020\/10\/Logifor_Logo_RVB_moyen-1024x204.jpg\" alt=\"\" class=\"wp-image-7204\" srcset=\"https:\/\/www.groupe-thebault.com\/wp-content\/uploads\/2020\/10\/Logifor_Logo_RVB_moyen-1024x204.jpg 1024w, https:\/\/www.groupe-thebault.com\/wp-content\/uploads\/2020\/10\/Logifor_Logo_RVB_moyen-300x60.jpg 300w, https:\/\/www.groupe-thebault.com\/wp-content\/uploads\/2020\/10\/Logifor_Logo_RVB_moyen-768x153.jpg 768w, https:\/\/www.groupe-thebault.com\/wp-content\/uploads\/2020\/10\/Logifor_Logo_RVB_moyen.jpg 1181w\" sizes=\"auto, (max-width: 1024px) 100vw, 1024px\" \/><\/figure>\n<\/div>\n\n\n\n<div class=\"wp-block-column is-layout-flow wp-block-column-is-layout-flow\" style=\"flex-basis:66.66%\">\n<p>LOGIFOR, a subsidiary of the THEBAULT and ARCHIMBAUD groups, is in charge of part of the two groups&#8217; supplies of Maritime Pine according to demanding specifications, setting environmental and quality criteria, including the indispensable certification PEFC\u2122.<\/p>\n<\/div>\n<\/div>\n\n\n\n\n\n<ul>\n<li><span class=\"editor-titre3\"><strong>Poplar supply<\/strong><\/span><\/li>\n<\/ul>\n<p lang=\"fr-FR\"><span lang=\"en-GB\">Poplar as a wood specie is closely linked to the history and the foundation of the THEBAULT Group , established since beginning at the heart of the Marais Poitevin, with its extensive poplar woodlands. The processed poplar logs originate from local regional plantations, some of which are owned by the THEBAULT Group. They are peeled at the Sauz\u00e9-Vaussais and Marigny-le-Ch\u00e2tel plants.<\/span><\/p>\n\n\n\n<p><span class=\"editor-titre3\"><span style=\"color: #ff9900\">\u25ba <\/span>Bois D\u00e9roul\u00e9s de Champagne corporation<\/span><\/p>\n\n\n\n<div class=\"wp-block-columns is-layout-flex wp-container-core-columns-is-layout-9d6595d7 wp-block-columns-is-layout-flex\">\n<div class=\"wp-block-column is-layout-flow wp-block-column-is-layout-flow\" style=\"flex-basis:33.33%\">\n<figure class=\"wp-block-image size-large\"><img loading=\"lazy\" decoding=\"async\" width=\"624\" height=\"170\" src=\"https:\/\/www.groupe-thebault.com\/wp-content\/uploads\/2020\/04\/BDC-logo-RVB.jpg\" alt=\"\" class=\"wp-image-3334\" srcset=\"https:\/\/www.groupe-thebault.com\/wp-content\/uploads\/2020\/04\/BDC-logo-RVB.jpg 624w, https:\/\/www.groupe-thebault.com\/wp-content\/uploads\/2020\/04\/BDC-logo-RVB-300x82.jpg 300w\" sizes=\"auto, (max-width: 624px) 100vw, 624px\" \/><\/figure>\n<\/div>\n\n\n\n<div class=\"wp-block-column is-layout-flow wp-block-column-is-layout-flow\" style=\"flex-basis:66.66%\">\n<p><span lang=\"en-GB\">Established in our majority-owned partnership with the company DROUIN, Bois D\u00e9roul\u00e9s de Champagne is a subsidiary of the THEBAULT Group specializing in the peeling of Poplar. Located in Marigny-le-Ch\u00e2tel, it benefits from a strategic location at the heart of the forests of the Grand Est.<\/span><\/p>\n<\/div>\n<\/div>\n\n\n\n<ul>\n<li><span class=\"editor-titre3\">Okoum and west african species supply<\/span><\/li>\n<\/ul>\n<p>By locating a peeling factory in Gabon in 1999, the THEBAULT group made a major change in securing strategically necessary volumes of round wood for our business. This step forward contributed to achieve a greater control over the Okoum\u00e9 supply chain for our factories and ensuring full traceability of our tropical wood resources. With 130 million m3 of standing tree stock, Okoum\u00e9 accounts for a quarter of Gabon\u2019s forestry resources, a total of 22 million hectares (220 000 km\u00b2). Aucoumea klaineana is a tall tree, which can grow up to 50m in height, with a diameter of 2m. Okoum\u00e9 is ideally suited for peeling, giving a uniform pink-red colour. The Okoum\u00e9 specie is spread over the majority of Gabon.<\/p>\n\n\n\n<p><span class=\"editor-titre3\"><span style=\"color: #ff9900\">\u25ba <\/span>THEBAULT TRANSBOIS corporation<\/span><\/p>\n\n\n\n<div class=\"wp-block-columns is-layout-flex wp-container-core-columns-is-layout-9d6595d7 wp-block-columns-is-layout-flex\">\n<div class=\"wp-block-column is-layout-flow wp-block-column-is-layout-flow\" style=\"flex-basis:33.33%\">\n<figure class=\"wp-block-image size-large\"><img loading=\"lazy\" decoding=\"async\" width=\"709\" height=\"452\" src=\"https:\/\/www.groupe-thebault.com\/wp-content\/uploads\/2020\/04\/lOGO-TRANSBOIS.jpg\" alt=\"\" class=\"wp-image-3823\" srcset=\"https:\/\/www.groupe-thebault.com\/wp-content\/uploads\/2020\/04\/lOGO-TRANSBOIS.jpg 709w, https:\/\/www.groupe-thebault.com\/wp-content\/uploads\/2020\/04\/lOGO-TRANSBOIS-300x191.jpg 300w\" sizes=\"auto, (max-width: 709px) 100vw, 709px\" \/><\/figure>\n<\/div>\n\n\n\n<div class=\"wp-block-column is-layout-flow wp-block-column-is-layout-flow\" style=\"flex-basis:66.66%\">\n<p>THEBAULT TRANSBOIS SA, our subsidiary specializing in rotary cutting, has been established for over 20 years now in Owendo, in the north-west of the Republic of Gabon. This subsidiary is the sole Okoum\u00e9 veneer supplier of our Magn\u00e9 plywood production site (79).<\/p>\n<\/div>\n<\/div>\n\n\n\n<p>All woods purchased by THEBAULT TRANSBOIS SA and logged in Gabon come from companies with Sustainable Development Forestry Licence (CFAD), an operating license awarded by the Gabonese Ministry for Water and Forest Resources, subject to paying surface area and felling taxes Shipping documents checked and signed by agents of the Ministry for Water and Forest Resources allow us to guarantee the legal sourcing of our woods.<\/p>\n\n\n\n<div style=\"height:20px\" aria-hidden=\"true\" class=\"wp-block-spacer\"><\/div>\n\n\n\n<p><span class=\"editor-titre\">Timber harverseting encouraged forest preservation<\/span><\/p>\n\n\n\n<p>Forest preservation necessarily involves felling of trees which have reached maturity, thus encouraging the replenishment of the forest\u2019s tree stock. &nbsp; The THEBAULT Group has long been involved in (re)planting actions with associations or collective actions.<\/p>\n\n\n\n<ul>\n<li><span class=\"editor-titre3\"><span class=\"editor-titre3\">Plantons pour l&#8217;avenir <\/span><\/span>(Plant for the future)\n<div class=\"jhH5U\">\n<div id=\"tw-ob\" class=\"tw-src-ltr\">\n<div class=\"oSioSc\">\n<div id=\"tw-target\">\n<div id=\"kAz1tf\" class=\"g9WsWb\">\n<div class=\"iYB33c\">\n<div class=\"dlJLJe\">&nbsp;<\/div>\n<\/div>\n<\/div>\n<\/div>\n<\/div>\n<\/div>\n<\/div>\n<\/li>\n<\/ul>\n\n\n\n<div class=\"wp-block-columns is-layout-flex wp-container-core-columns-is-layout-9d6595d7 wp-block-columns-is-layout-flex\">\n<div class=\"wp-block-column is-layout-flow wp-block-column-is-layout-flow\" style=\"flex-basis:33.33%\">\n<figure class=\"wp-block-image size-large\"><img loading=\"lazy\" decoding=\"async\" width=\"684\" height=\"711\" src=\"https:\/\/www.groupe-thebault.com\/wp-content\/uploads\/2020\/04\/logo.png\" alt=\"\" class=\"wp-image-3267\" srcset=\"https:\/\/www.groupe-thebault.com\/wp-content\/uploads\/2020\/04\/logo.png 684w, https:\/\/www.groupe-thebault.com\/wp-content\/uploads\/2020\/04\/logo-289x300.png 289w\" sizes=\"auto, (max-width: 684px) 100vw, 684px\" \/><\/figure>\n<\/div>\n\n\n\n<div class=\"wp-block-column is-layout-flow wp-block-column-is-layout-flow\" style=\"flex-basis:66.66%\">\n<p lang=\"fr-FR\"><span lang=\"en-GB\">At the initiative of forestry cooperatives and manufacturers, the &#8220;Plant for the Future&#8221; endowment fund promotes reforestation, environmental education and research programmes. It aims at responding to the present and future challenges of the French forests and the wood derived industries.<\/span><\/p>\n<p><span style=\"color: #ff0000\">.&nbsp;<\/span><\/p>\n<\/div>\n<\/div>\n\n\n\n<ul>\n<li><span class=\"editor-titre3\">&#8220;Merci le Peuplier&#8221; Charter<\/span><\/li>\n<\/ul>\n\n\n\n<div class=\"wp-block-columns is-layout-flex wp-container-core-columns-is-layout-9d6595d7 wp-block-columns-is-layout-flex\">\n<div class=\"wp-block-column is-layout-flow wp-block-column-is-layout-flow\" style=\"flex-basis:33.33%\">\n<figure class=\"wp-block-image size-large\"><img loading=\"lazy\" decoding=\"async\" width=\"618\" height=\"454\" src=\"https:\/\/www.groupe-thebault.com\/wp-content\/uploads\/2020\/04\/logo-merci-peuplier.jpg\" alt=\"\" class=\"wp-image-3277\" srcset=\"https:\/\/www.groupe-thebault.com\/wp-content\/uploads\/2020\/04\/logo-merci-peuplier.jpg 618w, https:\/\/www.groupe-thebault.com\/wp-content\/uploads\/2020\/04\/logo-merci-peuplier-300x220.jpg 300w\" sizes=\"auto, (max-width: 618px) 100vw, 618px\" \/><\/figure>\n<\/div>\n\n\n\n<div class=\"wp-block-column is-layout-flow wp-block-column-is-layout-flow\" style=\"flex-basis:66.66%\">\n<p lang=\"fr-FR\"><span lang=\"en-GB\">As a signatory of the &#8220;Merci le Peuplier&#8221; charter, the THEBAULT Group financially contributes to the replantation Peuplier groves in order to spread awareness and support the poplar growers to meet the challenges of reforestation in the areas concerned.<\/span><\/p>\n<\/div>\n<\/div>\n","protected":false},"excerpt":{"rendered":"<p>Wood supply Maritime Pine supply Our production sites at Sauz\u00e9\u2013Vaussais, and more particularly Solf\u00e9rino, are ideally located near to, and in the heart of, the Landes forest. The Landes de Gascogne forest is the largest in France, stretching over 1,800,000 hectares and 90 millions m3 of standing wood. Maritime Pine (Pinus Pinaster), is the most [&hellip;]<\/p>\n","protected":false},"author":1,"featured_media":0,"parent":4848,"menu_order":0,"comment_status":"closed","ping_status":"closed","template":"","meta":{"_acf_changed":false,"footnotes":""},"class_list":["post-4947","page","type-page","status-publish","hentry"],"acf":[],"yoast_head":"<!-- This site is optimized with the Yoast SEO plugin v26.8 - https:\/\/yoast.com\/product\/yoast-seo-wordpress\/ -->\n<title>The wood resource - Groupe Thebault<\/title>\n<meta name=\"robots\" content=\"index, follow, max-snippet:-1, max-image-preview:large, max-video-preview:-1\" \/>\n<link rel=\"canonical\" href=\"https:\/\/www.groupe-thebault.com\/en\/thebault-group\/the-wood-resource\/\" \/>\n<meta property=\"og:locale\" content=\"en_GB\" \/>\n<meta property=\"og:type\" content=\"article\" \/>\n<meta property=\"og:title\" content=\"The wood resource - Groupe Thebault\" \/>\n<meta property=\"og:description\" content=\"Wood supply Maritime Pine supply Our production sites at Sauz\u00e9\u2013Vaussais, and more particularly Solf\u00e9rino, are ideally located near to, and in the heart of, the Landes forest. The Landes de Gascogne forest is the largest in France, stretching over 1,800,000 hectares and 90 millions m3 of standing wood. Maritime Pine (Pinus Pinaster), is the most [&hellip;]\" \/>\n<meta property=\"og:url\" content=\"https:\/\/www.groupe-thebault.com\/en\/thebault-group\/the-wood-resource\/\" \/>\n<meta property=\"og:site_name\" content=\"Groupe Thebault\" \/>\n<meta property=\"article:modified_time\" content=\"2025-02-25T08:03:30+00:00\" \/>\n<meta property=\"og:image\" content=\"https:\/\/www.groupe-thebault.com\/wp-content\/uploads\/2020\/10\/Logifor_Logo_RVB_moyen.jpg\" \/>\n\t<meta property=\"og:image:width\" content=\"1181\" \/>\n\t<meta property=\"og:image:height\" content=\"235\" \/>\n\t<meta property=\"og:image:type\" content=\"image\/jpeg\" \/>\n<meta name=\"twitter:card\" content=\"summary_large_image\" \/>\n<meta name=\"twitter:label1\" content=\"Estimated reading time\" \/>\n\t<meta name=\"twitter:data1\" content=\"4 minutes\" \/>\n<script type=\"application\/ld+json\" class=\"yoast-schema-graph\">{\"@context\":\"https:\/\/schema.org\",\"@graph\":[{\"@type\":\"WebPage\",\"@id\":\"https:\/\/www.groupe-thebault.com\/en\/thebault-group\/the-wood-resource\/\",\"url\":\"https:\/\/www.groupe-thebault.com\/en\/thebault-group\/the-wood-resource\/\",\"name\":\"The wood resource - Groupe Thebault\",\"isPartOf\":{\"@id\":\"https:\/\/www.groupe-thebault.com\/#website\"},\"primaryImageOfPage\":{\"@id\":\"https:\/\/www.groupe-thebault.com\/en\/thebault-group\/the-wood-resource\/#primaryimage\"},\"image\":{\"@id\":\"https:\/\/www.groupe-thebault.com\/en\/thebault-group\/the-wood-resource\/#primaryimage\"},\"thumbnailUrl\":\"https:\/\/www.groupe-thebault.com\/wp-content\/uploads\/2020\/10\/Logifor_Logo_RVB_moyen-1024x204.jpg\",\"datePublished\":\"2020-04-23T13:58:29+00:00\",\"dateModified\":\"2025-02-25T08:03:30+00:00\",\"breadcrumb\":{\"@id\":\"https:\/\/www.groupe-thebault.com\/en\/thebault-group\/the-wood-resource\/#breadcrumb\"},\"inLanguage\":\"en-GB\",\"potentialAction\":[{\"@type\":\"ReadAction\",\"target\":[\"https:\/\/www.groupe-thebault.com\/en\/thebault-group\/the-wood-resource\/\"]}]},{\"@type\":\"ImageObject\",\"inLanguage\":\"en-GB\",\"@id\":\"https:\/\/www.groupe-thebault.com\/en\/thebault-group\/the-wood-resource\/#primaryimage\",\"url\":\"https:\/\/www.groupe-thebault.com\/wp-content\/uploads\/2020\/10\/Logifor_Logo_RVB_moyen-1024x204.jpg\",\"contentUrl\":\"https:\/\/www.groupe-thebault.com\/wp-content\/uploads\/2020\/10\/Logifor_Logo_RVB_moyen-1024x204.jpg\"},{\"@type\":\"BreadcrumbList\",\"@id\":\"https:\/\/www.groupe-thebault.com\/en\/thebault-group\/the-wood-resource\/#breadcrumb\",\"itemListElement\":[{\"@type\":\"ListItem\",\"position\":1,\"name\":\"Accueil\",\"item\":\"https:\/\/www.groupe-thebault.com\/en\/\"},{\"@type\":\"ListItem\",\"position\":2,\"name\":\"Thebault group\",\"item\":\"https:\/\/www.groupe-thebault.com\/en\/thebault-group\/\"},{\"@type\":\"ListItem\",\"position\":3,\"name\":\"The wood resource\"}]},{\"@type\":\"WebSite\",\"@id\":\"https:\/\/www.groupe-thebault.com\/#website\",\"url\":\"https:\/\/www.groupe-thebault.com\/\",\"name\":\"Groupe Thebault\",\"description\":\"Construire ensemble le monde de demain\",\"potentialAction\":[{\"@type\":\"SearchAction\",\"target\":{\"@type\":\"EntryPoint\",\"urlTemplate\":\"https:\/\/www.groupe-thebault.com\/?s={search_term_string}\"},\"query-input\":{\"@type\":\"PropertyValueSpecification\",\"valueRequired\":true,\"valueName\":\"search_term_string\"}}],\"inLanguage\":\"en-GB\"}]}<\/script>\n<!-- \/ Yoast SEO plugin. -->","yoast_head_json":{"title":"The wood resource - Groupe Thebault","robots":{"index":"index","follow":"follow","max-snippet":"max-snippet:-1","max-image-preview":"max-image-preview:large","max-video-preview":"max-video-preview:-1"},"canonical":"https:\/\/www.groupe-thebault.com\/en\/thebault-group\/the-wood-resource\/","og_locale":"en_GB","og_type":"article","og_title":"The wood resource - Groupe Thebault","og_description":"Wood supply Maritime Pine supply Our production sites at Sauz\u00e9\u2013Vaussais, and more particularly Solf\u00e9rino, are ideally located near to, and in the heart of, the Landes forest. The Landes de Gascogne forest is the largest in France, stretching over 1,800,000 hectares and 90 millions m3 of standing wood. Maritime Pine (Pinus Pinaster), is the most [&hellip;]","og_url":"https:\/\/www.groupe-thebault.com\/en\/thebault-group\/the-wood-resource\/","og_site_name":"Groupe Thebault","article_modified_time":"2025-02-25T08:03:30+00:00","og_image":[{"width":1181,"height":235,"url":"https:\/\/www.groupe-thebault.com\/wp-content\/uploads\/2020\/10\/Logifor_Logo_RVB_moyen.jpg","type":"image\/jpeg"}],"twitter_card":"summary_large_image","twitter_misc":{"Estimated reading time":"4 minutes"},"schema":{"@context":"https:\/\/schema.org","@graph":[{"@type":"WebPage","@id":"https:\/\/www.groupe-thebault.com\/en\/thebault-group\/the-wood-resource\/","url":"https:\/\/www.groupe-thebault.com\/en\/thebault-group\/the-wood-resource\/","name":"The wood resource - Groupe Thebault","isPartOf":{"@id":"https:\/\/www.groupe-thebault.com\/#website"},"primaryImageOfPage":{"@id":"https:\/\/www.groupe-thebault.com\/en\/thebault-group\/the-wood-resource\/#primaryimage"},"image":{"@id":"https:\/\/www.groupe-thebault.com\/en\/thebault-group\/the-wood-resource\/#primaryimage"},"thumbnailUrl":"https:\/\/www.groupe-thebault.com\/wp-content\/uploads\/2020\/10\/Logifor_Logo_RVB_moyen-1024x204.jpg","datePublished":"2020-04-23T13:58:29+00:00","dateModified":"2025-02-25T08:03:30+00:00","breadcrumb":{"@id":"https:\/\/www.groupe-thebault.com\/en\/thebault-group\/the-wood-resource\/#breadcrumb"},"inLanguage":"en-GB","potentialAction":[{"@type":"ReadAction","target":["https:\/\/www.groupe-thebault.com\/en\/thebault-group\/the-wood-resource\/"]}]},{"@type":"ImageObject","inLanguage":"en-GB","@id":"https:\/\/www.groupe-thebault.com\/en\/thebault-group\/the-wood-resource\/#primaryimage","url":"https:\/\/www.groupe-thebault.com\/wp-content\/uploads\/2020\/10\/Logifor_Logo_RVB_moyen-1024x204.jpg","contentUrl":"https:\/\/www.groupe-thebault.com\/wp-content\/uploads\/2020\/10\/Logifor_Logo_RVB_moyen-1024x204.jpg"},{"@type":"BreadcrumbList","@id":"https:\/\/www.groupe-thebault.com\/en\/thebault-group\/the-wood-resource\/#breadcrumb","itemListElement":[{"@type":"ListItem","position":1,"name":"Accueil","item":"https:\/\/www.groupe-thebault.com\/en\/"},{"@type":"ListItem","position":2,"name":"Thebault group","item":"https:\/\/www.groupe-thebault.com\/en\/thebault-group\/"},{"@type":"ListItem","position":3,"name":"The wood resource"}]},{"@type":"WebSite","@id":"https:\/\/www.groupe-thebault.com\/#website","url":"https:\/\/www.groupe-thebault.com\/","name":"Groupe Thebault","description":"Construire ensemble le monde de demain","potentialAction":[{"@type":"SearchAction","target":{"@type":"EntryPoint","urlTemplate":"https:\/\/www.groupe-thebault.com\/?s={search_term_string}"},"query-input":{"@type":"PropertyValueSpecification","valueRequired":true,"valueName":"search_term_string"}}],"inLanguage":"en-GB"}]}},"_links":{"self":[{"href":"https:\/\/www.groupe-thebault.com\/en\/wp-json\/wp\/v2\/pages\/4947","targetHints":{"allow":["GET"]}}],"collection":[{"href":"https:\/\/www.groupe-thebault.com\/en\/wp-json\/wp\/v2\/pages"}],"about":[{"href":"https:\/\/www.groupe-thebault.com\/en\/wp-json\/wp\/v2\/types\/page"}],"author":[{"embeddable":true,"href":"https:\/\/www.groupe-thebault.com\/en\/wp-json\/wp\/v2\/users\/1"}],"replies":[{"embeddable":true,"href":"https:\/\/www.groupe-thebault.com\/en\/wp-json\/wp\/v2\/comments?post=4947"}],"version-history":[{"count":10,"href":"https:\/\/www.groupe-thebault.com\/en\/wp-json\/wp\/v2\/pages\/4947\/revisions"}],"predecessor-version":[{"id":11945,"href":"https:\/\/www.groupe-thebault.com\/en\/wp-json\/wp\/v2\/pages\/4947\/revisions\/11945"}],"up":[{"embeddable":true,"href":"https:\/\/www.groupe-thebault.com\/en\/wp-json\/wp\/v2\/pages\/4848"}],"wp:attachment":[{"href":"https:\/\/www.groupe-thebault.com\/en\/wp-json\/wp\/v2\/media?parent=4947"}],"curies":[{"name":"wp","href":"https:\/\/api.w.org\/{rel}","templated":true}]}}