{"id":564,"date":"2020-03-04T12:08:49","date_gmt":"2020-03-04T11:08:49","guid":{"rendered":"https:\/\/www.groupe-thebault.com\/?page_id=564"},"modified":"2026-03-17T14:26:04","modified_gmt":"2026-03-17T13:26:04","slug":"offres-demploi","status":"publish","type":"page","link":"https:\/\/www.groupe-thebault.com\/de\/offres-demploi\/","title":{"rendered":"Offres d&#8217;emploi"},"content":{"rendered":"\n<p><span class=\"editor-titre\">NOS M\u00c9TIERS<\/span><\/p>\n\n\n\n<p>Pour comprendre les diff\u00e9rents postes et leur niveau d&#8217;exp\u00e9rience, vous pouvez consulter le sch\u00e9ma pr\u00e9sentant le process de fabrication ci-contre.<\/p>\n\n\n\n<div class=\"wp-block-group\"><div class=\"wp-block-group__inner-container is-layout-constrained wp-block-group-is-layout-constrained\">\n<figure class=\"wp-block-image size-full is-style-default\"><a href=\"https:\/\/www.groupe-thebault.com\/wp-content\/uploads\/2023\/05\/THEBAULT_Schema-postes-prod_2022logo-scaled.jpg\"><img loading=\"lazy\" decoding=\"async\" width=\"2048\" height=\"2048\" src=\"https:\/\/www.groupe-thebault.com\/wp-content\/uploads\/2023\/05\/THEBAULT_Schema-postes-prod_2022logo-scaled.jpg\" alt=\"\" class=\"wp-image-10658\" srcset=\"https:\/\/www.groupe-thebault.com\/wp-content\/uploads\/2023\/05\/THEBAULT_Schema-postes-prod_2022logo-scaled.jpg 2048w, https:\/\/www.groupe-thebault.com\/wp-content\/uploads\/2023\/05\/THEBAULT_Schema-postes-prod_2022logo-300x300.jpg 300w, https:\/\/www.groupe-thebault.com\/wp-content\/uploads\/2023\/05\/THEBAULT_Schema-postes-prod_2022logo-1024x1024.jpg 1024w, https:\/\/www.groupe-thebault.com\/wp-content\/uploads\/2023\/05\/THEBAULT_Schema-postes-prod_2022logo-150x150.jpg 150w, https:\/\/www.groupe-thebault.com\/wp-content\/uploads\/2023\/05\/THEBAULT_Schema-postes-prod_2022logo-768x768.jpg 768w, https:\/\/www.groupe-thebault.com\/wp-content\/uploads\/2023\/05\/THEBAULT_Schema-postes-prod_2022logo-1536x1536.jpg 1536w\" sizes=\"auto, (max-width: 2048px) 100vw, 2048px\" \/><\/a><figcaption class=\"wp-element-caption\"><em>Cliquer pour agrandir<\/em><\/figcaption><\/figure>\n<\/div><\/div>\n\n\n\n<div style=\"height:64px\" aria-hidden=\"true\" class=\"wp-block-spacer\"><\/div>\n\n\n\n<p><span class=\"editor-titre\">Chef d&#8217;\u00e9quipe atelier finition<\/span><\/p>\n<p>Localisation du poste : Lempdes-sur-Allagnon (43)<\/p>\n<p><strong>Descriptif du poste :<\/strong><\/p>\n<p><span class=\"fontstyle0\">Dans le cadre de la mont\u00e9e en production de son site de LVL (produit d\u2019ing\u00e9nierie bois d\u00e9di\u00e9 \u00e0 la construction) bas\u00e9 \u00e0 Lempdes-sur- Allagnon&nbsp; (43), le Groupe THEBAULT recherche un chef d\u2019\u00e9quipe de production, atelier finition, qui aura pour missions<br>de coordonner les activit\u00e9s de production sur la partie finition, d&#8217;organiser le travail des op\u00e9rateurs de son \u00e9quipe, de conduire diff\u00e9rents engins de manutention.&nbsp;<br><\/span><\/p>\n<p><a href=\"https:\/\/www.groupe-thebault.com\/download\/940\/offres-emploi\/13200\/2602_lvl_chef-dequipe-finition-hf.pdf?lang=fr\">Lire la suite de l&#8217;offre d&#8217;emploi<\/a><\/p>\n<p><a href=\"https:\/\/www.groupe-thebault.com\/offres-demploi\/envoyer-sa-candidature\/\">Postuler en ligne sur le site www.groupe-thebault.com<\/a><\/p>\n\n\n\n<p><span class=\"editor-titre\">gardien\u00b7ne de site industriel<\/span><\/p>\n<p>Localisation du poste : Lempdes-sur-Allagnon (43)<\/p>\n<p><strong>Descriptif du poste :<\/strong><\/p>\n<p><span class=\"fontstyle0\">&nbsp;TEBO LVL, site de production du Groupe THEBAULT situ\u00e9 \u00e0 Lempdes sur ALLAGNON (43) est la premi\u00e8re usine en France et en Europe de l\u2019Ouest de fabrication de produits bois LVL, produit d\u2019ing\u00e9nierie bois d\u00e9di\u00e9 \u00e0 la construction. Afin d\u2019assurer la s\u00e9curit\u00e9 et la surveillance des installations de l\u2019entreprise, TEBO LVL recherche son\/sa surveillant\u00b7e, responsable de la protection des biens et des personnes ainsi que du maintien d\u2019un environnement s\u00fbr et s\u00e9curis\u00e9. <br><\/span><\/p>\n<p><a href=\"https:\/\/www.groupe-thebault.com\/download\/940\/offres-emploi\/13199\/2602_lvl_gardienne-de-site-industriel.pdf?lang=fr\">Lire la suite de l&#8217;offre d&#8217;emploi<\/a><\/p>\n<p><a href=\"https:\/\/www.groupe-thebault.com\/offres-demploi\/envoyer-sa-candidature\/\">Postuler en ligne sur le site www.groupe-thebault.com<\/a><\/p>\n\n\n\n<p><span class=\"editor-titre\">TECHNICIEN\u00b7NE DE MAINTENANCE &#8211;&nbsp; Electricien\u00b7ne industriel\u00b7le<\/span><\/p>\n<p>Localisation du poste : Solf\u00e9rino (40)<\/p>\n<p><strong>Descriptif du poste :<\/strong><\/p>\n<p><span class=\"fontstyle0\">Rattach\u00e9\u00b7e au service maintenance du site de production de panneaux de contreplaqu\u00e9s du groupe THEBAULT situ\u00e9 \u00e0 Solf\u00e9rino (40), vous assurez l\u2019organisation des diff\u00e9rentes \u00e9tapes d\u2019intervention de <span class=\"fontstyle2\">maintenance pr\u00e9ventive, corrective ou am\u00e9liorative<\/span>, vous suivez les processus logiques et m\u00e9thodologiques et vous assurez les <span class=\"fontstyle2\">t\u00e2ches p\u00e9riph\u00e9riques de la maintenance industrielle<\/span>. <br><\/span><\/p>\n<p><a href=\"https:\/\/www.groupe-thebault.com\/download\/940\/offres-emploi\/13193\/2602_tmi-electr-indus-fh.pdf?lang=fr\">Lire la suite de l&#8217;offre d&#8217;emploi<\/a><\/p>\n<p><a href=\"https:\/\/www.groupe-thebault.com\/offres-demploi\/envoyer-sa-candidature\/\">Postuler en ligne sur le site www.groupe-thebault.com<\/a><\/p>\n\n\n\n<p><span class=\"editor-titre\">TECHNICIEN\u00b7NE DE MAINTENANCE INDUSTRIELLE de nuit (21h-5h)<\/span><\/p>\n<p>Localisation du poste : Magn\u00e9 (79)<\/p>\n<p><strong>Descriptif du poste :<\/strong><\/p>\n<p><span class=\"fontstyle0\">Rattach\u00e9\u00b7e au responsable maintenance du site de production de panneaux de contreplaqu\u00e9s du groupe THEBAULT situ\u00e9 \u00e0 Magn\u00e9 (79), vous assurez, en horaires de nuit, le bon fonctionnement des \u00e9quipements industriels et d\u2019exploitation, selon les r\u00e8gles de s\u00e9curit\u00e9 et imp\u00e9ratifs de production. Vous proc\u00e9dez \u00e0 la maintenance corrective, pr\u00e9ventive et am\u00e9liorative des \u00e9quipements, installations, mat\u00e9riels de production traditionnels et automatis\u00e9s : jointeuse, encolleuse, d\u00e9ligneuse, presse&#8230;<\/span><span class=\"fontstyle0\">.<\/span><\/p>\n<p><a href=\"https:\/\/www.groupe-thebault.com\/download\/940\/offres-emploi\/13091\/2601_technicienne-de-maintenance-industrielle-nuit.pdf?lang=fr\">Lire la suite de l&#8217;offre d&#8217;emploi<\/a><\/p>\n<p><a href=\"https:\/\/www.groupe-thebault.com\/offres-demploi\/envoyer-sa-candidature\/\">Postuler en ligne sur le site www.groupe-thebault.com<\/a><\/p>\n\n\n\n<p><span class=\"editor-titre\">\u00c9lectrom\u00c9canicien\u00b7ne (F\/H)<\/span><\/p>\n<p>Localisation du poste : Lempdes-sur-Allagnnon (43)<\/p>\n<p><strong>Descriptif du poste :<\/strong><\/p>\n<p><span class=\"fontstyle0\">Dans le cadre de la mont\u00e9e en puissance de la toute nouvelle usine de LVL situ\u00e9e \u00e0 Lempdes-sur-Allagnon au c\u0153ur de l&#8217;Auvergne, nous recrutons un\u00b7e Electrom\u00e9canicien\u00b7ne.&nbsp;<\/span>V\u00e9ritable support technique des <span class=\"fontstyle0\">\u00e9quipes de fabrication, vous aurez la charge de la maintenance et du d\u00e9pannage des \u00e9quipements industriels et d\u2019exploitation de l\u2019usine.<\/span><\/p>\n<p><a href=\"https:\/\/www.groupe-thebault.com\/download\/940\/offres-emploi\/12858\/251021-electromecanicien-ne.pdf?lang=fr\">Lire la suite de l&#8217;offre d&#8217;emploi<\/a><\/p>\n<p><a href=\"https:\/\/www.groupe-thebault.com\/offres-demploi\/envoyer-sa-candidature\/\">Postuler en ligne sur le site www.groupe-thebault.com<\/a><\/p>\n\n\n\n<p><span class=\"editor-titre\">\u00c9lectricien\u00b7ne industriel\u00b7le (F\/H)<\/span><\/p>\n<p>Localisation du poste : Lempdes-sur-Allagnnon (43)<\/p>\n<p><strong>Descriptif du poste :<\/strong><\/p>\n<p><span class=\"fontstyle0\">Dans le cadre de la mont\u00e9e en puissance de la toute nouvelle usine de LVL situ\u00e9e \u00e0 Lempdes-sur-Allagnon au c\u0153ur de l&#8217;Auvergne, nous recrutons un\u00b7e Electricien\u00b7ne industriel\u00b7le. <\/span>Sous la responsabilit\u00e9 du Responsable Maintenance, vous intervenez sur le r\u00e9seau \u00e9lectrique du site, les automates industriels, les machines, qu\u2019elles soient m\u00e9caniques, hydrauliques ou pneumatiques. Votre rapidit\u00e9 d\u2019intervention, de diagnostic et de r\u00e9paration peut faire gagner un temps pr\u00e9cieux \u00e0 notre cha\u00eene de production.<\/p>\n<p><a href=\"https:\/\/www.groupe-thebault.com\/download\/940\/offres-emploi\/12857\/251021-electricien-ne-industriel.pdf?lang=fr\">Lire la suite de l&#8217;offre d&#8217;emploi<\/a><\/p>\n<p><a href=\"https:\/\/www.groupe-thebault.com\/offres-demploi\/envoyer-sa-candidature\/\">Postuler en ligne sur le site www.groupe-thebault.com<\/a><\/p>\n\n\n\n<p><span class=\"editor-titre\">electrom\u00e9canicien (F\/H)<\/span><\/p>\n<p>Localisation du poste : Magn\u00e9 (79)<\/p>\n<p><strong>Descriptif du poste :<\/strong><\/p>\n<p>\u00a0<span class=\"fontstyle0\">Rattach\u00e9 au responsable maintenance du site de production de panneaux de contreplaqu\u00e9s du groupe THEBAULT de Magn\u00e9, vous assurez le bon fonctionnement des \u00e9quipements industriels et d\u2019exploitation, selon les r\u00e8gles de s\u00e9curit\u00e9 et imp\u00e9ratifs de\u00a0 production.<br \/>Vous proc\u00e9dez \u00e0 la maintenance corrective, pr\u00e9ventive et am\u00e9liorative, \u00e0 dominante m\u00e9canique et \u00e9lectrique des \u00e9quipements, installations, mat\u00e9riels de production traditionnels et automatis\u00e9s : jointeuse, encolleuse, d\u00e9ligneuse, presse\u2026<\/span><\/p>\n<p><a href=\"https:\/\/www.groupe-thebault.com\/download\/940\/offres-emploi\/12811\/2509_electromecaniciens.pdf?lang=fr\">Lire la suite de l&#8217;offre d&#8217;emploi<\/a><\/p>\n<p><a href=\"https:\/\/www.groupe-thebault.com\/offres-demploi\/envoyer-sa-candidature\/\">Postuler en ligne sur le site www.groupe-thebault.com<\/a><\/p>\n\n\n\n<p><span class=\"editor-titre\">technicien\u00b7ne maintenance industrielle (F\/H)<\/span><\/p>\n<p>Localisation du poste : Lempdes-sur-Allagnon (43)<\/p>\n<p><strong>Descriptif du poste :<\/strong><\/p>\n<p>Dans le cadre de l\u2019installation de son nouveau site de production TEBO LVL en Auvergne, le Groupe THEBAULT recherche un(e) technicien(ne) de maintenance industrielle pour compl\u00e9ter son \u00e9quipe en poste.<br>Rattach\u00e9(e) au Responsable maintenance, vous aurez la charge de l\u2019installation des \u00e9quipements motoris\u00e9s puis d\u2019en garantir la continuit\u00e9 du fonctionnement en assurant la maintenance curative et pr\u00e9ventive sur l\u2019ensemble du site. Vous travaillerez en coop\u00e9ration avec les \u00e9quipes de maintenance et de production afin de comprendre leurs probl\u00e9matiques.<\/p>\n<p><a href=\"https:\/\/www.groupe-thebault.com\/download\/940\/offres-emploi\/12421\/2504_bsa_technicienne-de-maintenance-industrielle.pdf?lang=fr\">Lire la suite de l&#8217;offre d&#8217;emploi<\/a><\/p>\n<p><a href=\"https:\/\/www.groupe-thebault.com\/offres-demploi\/envoyer-sa-candidature\/\">Postuler en ligne sur le site www.groupe-thebault.com<\/a><\/p>\n\n\n\n<p><span class=\"editor-titre\">CHEF D&#8217;\u00e9quipe de production (F\/H)<\/span><\/p>\n<p>Localisation du poste : Solf\u00e9rino (40)<\/p>\n<p><strong>Descriptif du poste :<\/strong><\/p>\n<p>Pour son site de production de panneaux de contreplaqu\u00e9s situ\u00e9 \u00e0 Solf\u00e9rino (40), le Groupe THEBAULT recherche un chef d\u2019\u00e9quipe de production qui aura pour missions principales de coordonner les activit\u00e9s de production en lien avec le responsable de production et le chef de secteur, organiser le travail des op\u00e9rateurs de son \u00e9quipe selon les proc\u00e9dures qualit\u00e9, les r\u00e8gles de s\u00e9curit\u00e9<br>et les imp\u00e9ratifs de d\u00e9lai et conduire des engins de manutention.<\/p>\n<p><a href=\"https:\/\/www.groupe-thebault.com\/download\/940\/offres-emploi\/12013\/2502_chef-dequipe-de-production-hf.pdf?lang=fr\">Lire la suite de l&#8217;offre d&#8217;emploi<\/a><\/p>\n<p><a href=\"https:\/\/www.groupe-thebault.com\/offres-demploi\/envoyer-sa-candidature\/\">Postuler en ligne sur le site www.groupe-thebault.com<\/a><\/p>\n\n\n\n<p><span class=\"editor-titre\">cariste (F\/H)<\/span><\/p>\n<p>Localisation du poste : Solf\u00e9rino (40)<\/p>\n<p><strong>Descriptif du poste :<\/strong><\/p>\n<p>Rattach\u00e9\u00b7e au votre chef d\u2019\u00e9quipe, vous conduisez et manipulez des engins de manutention et de levage&nbsp;dans le cadre d\u2019op\u00e9rations de d\u00e9placement, chargement\/d\u00e9chargement, stockage, d\u00e9stockage, approvisionnement, enl\u00e8vement de charges (produits,&nbsp; mat\u00e9riel&#8230;) selon les proc\u00e9dures qualit\u00e9, les r\u00e8gles de s\u00e9curit\u00e9 et les imp\u00e9ratifs de d\u00e9lais.<\/p>\n<p><a href=\"https:\/\/www.groupe-thebault.com\/download\/940\/offres-emploi\/12011\/2502_cariste-derouleur-fh.pdf?lang=fr\">Lire la suite de l&#8217;offre d&#8217;emploi<\/a><\/p>\n<p><a href=\"https:\/\/www.groupe-thebault.com\/offres-demploi\/envoyer-sa-candidature\/\">Postuler en ligne sur le site www.groupe-thebault.com<\/a><\/p>\n\n\n\n<p style=\"text-align: left;\"><span class=\"editor-titre\">CONDUCTEUR\u00b7trice DE CHAUDIERE BIOMASSE F\/H<\/span><\/p>\n\n\n\n<p>Localisation des postes : Solf\u00e9rino (40)<\/p>\n<p><strong>Descriptif du poste :<\/strong><\/p>\n<p>Rattach\u00e9\u00b7e au Responsable de Production du site de fabrication de contreplaqu\u00e9s du Groupe THEBAULT de Solf\u00e9rino, vous conduisez les chaudi\u00e8res industrielles \u00e0 \u00e9nergie renouvelable bois (chaufferie biomasse) qui font fonctionner notre site.<\/p>\n<p><a href=\"https:\/\/www.groupe-thebault.com\/download\/940\/offres-emploi\/12012\/2502_conducteur-rice-de-chaudiere-biomasse.pdf?lang=fr\">Lire la suite de l&#8217;offre d&#8217;emploi<\/a><\/p>\n<p><a href=\"https:\/\/www.groupe-thebault.com\/offres-demploi\/envoyer-sa-candidature\/\">Postuler en ligne sur le site www.groupe-thebault.com<\/a><\/p>\n\n\n\n<p style=\"text-align: left;\"><span class=\"editor-titre\">Op\u00e9rateur\u00b7trice de PRODUCTION f\/H<\/span><\/p>\n\n\n\n<p>Localisation des postes : Magn\u00e9 (79), Sauz\u00e9-Vaussais (79), Solf\u00e9rino (40, Marigny le Chatel (10)<\/p>\n<p><strong>Descriptif du poste :<\/strong><\/p>\n<p>Rattach\u00e9(e) \u00e0 votre chef d\u2019\u00e9quipe du site de production de contreplaqu\u00e9s du Groupe THEBAULT, vous intervenez sur une machine plus ou moins automatis\u00e9e et participez \u00e0 une ou plusieurs op\u00e9rations \u00e9l\u00e9mentaires de fabrication du produit : presse, s\u00e9chage, jointage, triage, encollage\u2026 dans le respect des cadences, des r\u00e9glementations et des r\u00e8gles d\u2019hygi\u00e8ne et de s\u00e9curit\u00e9.<\/p>\n<p><a href=\"https:\/\/www.groupe-thebault.com\/download\/940\/offres-emploi\/11163\/thebault_emploi_operateur-fabrication_sites.pdf\">Lire la suite de l&#8217;offre d&#8217;emploi<\/a><\/p>\n<p><a href=\"https:\/\/www.groupe-thebault.com\/offres-demploi\/envoyer-sa-candidature\/\">Postuler en ligne sur le site www.groupe-thebault.com<\/a><\/p>\n\n\n\n<div style=\"height:22px\" aria-hidden=\"true\" class=\"wp-block-spacer\"><\/div>\n\n\n\n<p><\/p>\n","protected":false},"excerpt":{"rendered":"<p>NOS M\u00c9TIERS Pour comprendre les diff\u00e9rents postes et leur niveau d&#8217;exp\u00e9rience, vous pouvez consulter le sch\u00e9ma pr\u00e9sentant le process de fabrication ci-contre. Chef d&#8217;\u00e9quipe atelier finition Localisation du poste : Lempdes-sur-Allagnon (43) Descriptif du poste : Dans le cadre de la mont\u00e9e en production de son site de LVL (produit d\u2019ing\u00e9nierie bois d\u00e9di\u00e9 \u00e0 la [&hellip;]<\/p>\n","protected":false},"author":1,"featured_media":0,"parent":0,"menu_order":0,"comment_status":"closed","ping_status":"closed","template":"","meta":{"_acf_changed":false,"footnotes":""},"class_list":["post-564","page","type-page","status-publish","hentry"],"acf":[],"yoast_head":"<!-- This site is optimized with the Yoast SEO plugin v26.8 - https:\/\/yoast.com\/product\/yoast-seo-wordpress\/ -->\n<title>Offres d&#039;emploi ou de stage disponibles - Groupe Thebault<\/title>\n<meta name=\"description\" content=\"Le Groupe THEBAULT regroupe sur son site internet les offres d&#039;emploi ou de stage disponibles pour l&#039;ensemble de ses sites.\" \/>\n<meta name=\"robots\" content=\"index, follow, max-snippet:-1, max-image-preview:large, max-video-preview:-1\" \/>\n<link rel=\"canonical\" href=\"https:\/\/www.groupe-thebault.com\/offres-demploi\/\" \/>\n<meta property=\"og:locale\" content=\"de_DE\" \/>\n<meta property=\"og:type\" content=\"article\" \/>\n<meta property=\"og:title\" content=\"Offres d&#039;emploi ou de stage disponibles - Groupe Thebault\" \/>\n<meta property=\"og:description\" content=\"Le Groupe THEBAULT regroupe sur son site internet les offres d&#039;emploi ou de stage disponibles pour l&#039;ensemble de ses sites.\" \/>\n<meta property=\"og:url\" content=\"https:\/\/www.groupe-thebault.com\/offres-demploi\/\" \/>\n<meta property=\"og:site_name\" content=\"Groupe Thebault\" \/>\n<meta property=\"article:modified_time\" content=\"2026-03-17T13:26:04+00:00\" \/>\n<meta property=\"og:image\" content=\"https:\/\/www.groupe-thebault.com\/wp-content\/uploads\/2023\/05\/THEBAULT_Schema-postes-prod_2022logo-scaled.jpg\" \/>\n\t<meta property=\"og:image:width\" content=\"2048\" \/>\n\t<meta property=\"og:image:height\" content=\"2048\" \/>\n\t<meta property=\"og:image:type\" content=\"image\/jpeg\" \/>\n<meta name=\"twitter:card\" content=\"summary_large_image\" \/>\n<meta name=\"twitter:label1\" content=\"Gesch\u00e4tzte Lesezeit\" \/>\n\t<meta name=\"twitter:data1\" content=\"2\u00a0Minuten\" \/>\n<script type=\"application\/ld+json\" class=\"yoast-schema-graph\">{\"@context\":\"https:\/\/schema.org\",\"@graph\":[{\"@type\":\"WebPage\",\"@id\":\"https:\/\/www.groupe-thebault.com\/offres-demploi\/\",\"url\":\"https:\/\/www.groupe-thebault.com\/offres-demploi\/\",\"name\":\"Offres d'emploi ou de stage disponibles - Groupe Thebault\",\"isPartOf\":{\"@id\":\"https:\/\/www.groupe-thebault.com\/#website\"},\"primaryImageOfPage\":{\"@id\":\"https:\/\/www.groupe-thebault.com\/offres-demploi\/#primaryimage\"},\"image\":{\"@id\":\"https:\/\/www.groupe-thebault.com\/offres-demploi\/#primaryimage\"},\"thumbnailUrl\":\"https:\/\/www.groupe-thebault.com\/wp-content\/uploads\/2023\/05\/THEBAULT_Schema-postes-prod_2022logo-scaled.jpg\",\"datePublished\":\"2020-03-04T11:08:49+00:00\",\"dateModified\":\"2026-03-17T13:26:04+00:00\",\"description\":\"Le Groupe THEBAULT regroupe sur son site internet les offres d'emploi ou de stage disponibles pour l'ensemble de ses sites.\",\"breadcrumb\":{\"@id\":\"https:\/\/www.groupe-thebault.com\/offres-demploi\/#breadcrumb\"},\"inLanguage\":\"de\",\"potentialAction\":[{\"@type\":\"ReadAction\",\"target\":[\"https:\/\/www.groupe-thebault.com\/offres-demploi\/\"]}]},{\"@type\":\"ImageObject\",\"inLanguage\":\"de\",\"@id\":\"https:\/\/www.groupe-thebault.com\/offres-demploi\/#primaryimage\",\"url\":\"https:\/\/www.groupe-thebault.com\/wp-content\/uploads\/2023\/05\/THEBAULT_Schema-postes-prod_2022logo-scaled.jpg\",\"contentUrl\":\"https:\/\/www.groupe-thebault.com\/wp-content\/uploads\/2023\/05\/THEBAULT_Schema-postes-prod_2022logo-scaled.jpg\"},{\"@type\":\"BreadcrumbList\",\"@id\":\"https:\/\/www.groupe-thebault.com\/offres-demploi\/#breadcrumb\",\"itemListElement\":[{\"@type\":\"ListItem\",\"position\":1,\"name\":\"Accueil\",\"item\":\"https:\/\/www.groupe-thebault.com\/de\/\"},{\"@type\":\"ListItem\",\"position\":2,\"name\":\"Offres d&#8217;emploi\"}]},{\"@type\":\"WebSite\",\"@id\":\"https:\/\/www.groupe-thebault.com\/#website\",\"url\":\"https:\/\/www.groupe-thebault.com\/\",\"name\":\"Groupe Thebault\",\"description\":\"Construire ensemble le monde de demain\",\"potentialAction\":[{\"@type\":\"SearchAction\",\"target\":{\"@type\":\"EntryPoint\",\"urlTemplate\":\"https:\/\/www.groupe-thebault.com\/?s={search_term_string}\"},\"query-input\":{\"@type\":\"PropertyValueSpecification\",\"valueRequired\":true,\"valueName\":\"search_term_string\"}}],\"inLanguage\":\"de\"}]}<\/script>\n<!-- \/ Yoast SEO plugin. -->","yoast_head_json":{"title":"Offres d'emploi ou de stage disponibles - Groupe Thebault","description":"Le Groupe THEBAULT regroupe sur son site internet les offres d'emploi ou de stage disponibles pour l'ensemble de ses sites.","robots":{"index":"index","follow":"follow","max-snippet":"max-snippet:-1","max-image-preview":"max-image-preview:large","max-video-preview":"max-video-preview:-1"},"canonical":"https:\/\/www.groupe-thebault.com\/offres-demploi\/","og_locale":"de_DE","og_type":"article","og_title":"Offres d'emploi ou de stage disponibles - Groupe Thebault","og_description":"Le Groupe THEBAULT regroupe sur son site internet les offres d'emploi ou de stage disponibles pour l'ensemble de ses sites.","og_url":"https:\/\/www.groupe-thebault.com\/offres-demploi\/","og_site_name":"Groupe Thebault","article_modified_time":"2026-03-17T13:26:04+00:00","og_image":[{"width":2048,"height":2048,"url":"https:\/\/www.groupe-thebault.com\/wp-content\/uploads\/2023\/05\/THEBAULT_Schema-postes-prod_2022logo-scaled.jpg","type":"image\/jpeg"}],"twitter_card":"summary_large_image","twitter_misc":{"Gesch\u00e4tzte Lesezeit":"2\u00a0Minuten"},"schema":{"@context":"https:\/\/schema.org","@graph":[{"@type":"WebPage","@id":"https:\/\/www.groupe-thebault.com\/offres-demploi\/","url":"https:\/\/www.groupe-thebault.com\/offres-demploi\/","name":"Offres d'emploi ou de stage disponibles - Groupe Thebault","isPartOf":{"@id":"https:\/\/www.groupe-thebault.com\/#website"},"primaryImageOfPage":{"@id":"https:\/\/www.groupe-thebault.com\/offres-demploi\/#primaryimage"},"image":{"@id":"https:\/\/www.groupe-thebault.com\/offres-demploi\/#primaryimage"},"thumbnailUrl":"https:\/\/www.groupe-thebault.com\/wp-content\/uploads\/2023\/05\/THEBAULT_Schema-postes-prod_2022logo-scaled.jpg","datePublished":"2020-03-04T11:08:49+00:00","dateModified":"2026-03-17T13:26:04+00:00","description":"Le Groupe THEBAULT regroupe sur son site internet les offres d'emploi ou de stage disponibles pour l'ensemble de ses sites.","breadcrumb":{"@id":"https:\/\/www.groupe-thebault.com\/offres-demploi\/#breadcrumb"},"inLanguage":"de","potentialAction":[{"@type":"ReadAction","target":["https:\/\/www.groupe-thebault.com\/offres-demploi\/"]}]},{"@type":"ImageObject","inLanguage":"de","@id":"https:\/\/www.groupe-thebault.com\/offres-demploi\/#primaryimage","url":"https:\/\/www.groupe-thebault.com\/wp-content\/uploads\/2023\/05\/THEBAULT_Schema-postes-prod_2022logo-scaled.jpg","contentUrl":"https:\/\/www.groupe-thebault.com\/wp-content\/uploads\/2023\/05\/THEBAULT_Schema-postes-prod_2022logo-scaled.jpg"},{"@type":"BreadcrumbList","@id":"https:\/\/www.groupe-thebault.com\/offres-demploi\/#breadcrumb","itemListElement":[{"@type":"ListItem","position":1,"name":"Accueil","item":"https:\/\/www.groupe-thebault.com\/de\/"},{"@type":"ListItem","position":2,"name":"Offres d&#8217;emploi"}]},{"@type":"WebSite","@id":"https:\/\/www.groupe-thebault.com\/#website","url":"https:\/\/www.groupe-thebault.com\/","name":"Groupe Thebault","description":"Construire ensemble le monde de demain","potentialAction":[{"@type":"SearchAction","target":{"@type":"EntryPoint","urlTemplate":"https:\/\/www.groupe-thebault.com\/?s={search_term_string}"},"query-input":{"@type":"PropertyValueSpecification","valueRequired":true,"valueName":"search_term_string"}}],"inLanguage":"de"}]}},"_links":{"self":[{"href":"https:\/\/www.groupe-thebault.com\/de\/wp-json\/wp\/v2\/pages\/564","targetHints":{"allow":["GET"]}}],"collection":[{"href":"https:\/\/www.groupe-thebault.com\/de\/wp-json\/wp\/v2\/pages"}],"about":[{"href":"https:\/\/www.groupe-thebault.com\/de\/wp-json\/wp\/v2\/types\/page"}],"author":[{"embeddable":true,"href":"https:\/\/www.groupe-thebault.com\/de\/wp-json\/wp\/v2\/users\/1"}],"replies":[{"embeddable":true,"href":"https:\/\/www.groupe-thebault.com\/de\/wp-json\/wp\/v2\/comments?post=564"}],"version-history":[{"count":10,"href":"https:\/\/www.groupe-thebault.com\/de\/wp-json\/wp\/v2\/pages\/564\/revisions"}],"predecessor-version":[{"id":13371,"href":"https:\/\/www.groupe-thebault.com\/de\/wp-json\/wp\/v2\/pages\/564\/revisions\/13371"}],"wp:attachment":[{"href":"https:\/\/www.groupe-thebault.com\/de\/wp-json\/wp\/v2\/media?parent=564"}],"curies":[{"name":"wp","href":"https:\/\/api.w.org\/{rel}","templated":true}]}}