{"id":5582,"date":"2020-05-19T16:30:15","date_gmt":"2020-05-19T15:30:15","guid":{"rendered":"https:\/\/www.groupe-thebault.com\/die-gruppe\/umwelt-und-umweltzeichen\/"},"modified":"2025-04-18T13:51:19","modified_gmt":"2025-04-18T12:51:19","slug":"umwelt-und-umweltzeichen","status":"publish","type":"page","link":"https:\/\/www.groupe-thebault.com\/de\/die-thebault-gruppe\/umwelt-und-umweltzeichen\/","title":{"rendered":"Umwelt und \u00d6kolabels"},"content":{"rendered":"\n<p><span class=\"editor-titre\">WALD \u00d6KOLABELS<\/span><\/p>\n\n\n\n<div style=\"height:20px\" aria-hidden=\"true\" class=\"wp-block-spacer\"><\/div>\n\n\n\n<ul>\n<li><span class=\"editor-titre3\"><strong>PEFC: Program for the Endorsement of Forest Certification Schemes\u201d<\/strong><\/span><\/li>\n<\/ul>\n\n\n\n<div class=\"wp-block-columns is-layout-flex wp-container-core-columns-is-layout-9d6595d7 wp-block-columns-is-layout-flex\">\n<div class=\"wp-block-column is-layout-flow wp-block-column-is-layout-flow\" style=\"flex-basis:33.33%\">\n<figure class=\"wp-block-image size-large\"><img loading=\"lazy\" decoding=\"async\" width=\"539\" height=\"1024\" src=\"https:\/\/www.groupe-thebault.com\/wp-content\/uploads\/2020\/04\/pefc-logo-539x1024.png\" alt=\"\" class=\"wp-image-2929\" srcset=\"https:\/\/www.groupe-thebault.com\/wp-content\/uploads\/2020\/04\/pefc-logo-539x1024.png 539w, https:\/\/www.groupe-thebault.com\/wp-content\/uploads\/2020\/04\/pefc-logo-158x300.png 158w, https:\/\/www.groupe-thebault.com\/wp-content\/uploads\/2020\/04\/pefc-logo-768x1459.png 768w, https:\/\/www.groupe-thebault.com\/wp-content\/uploads\/2020\/04\/pefc-logo-808x1536.png 808w, https:\/\/www.groupe-thebault.com\/wp-content\/uploads\/2020\/04\/pefc-logo-1078x2048.png 1078w, https:\/\/www.groupe-thebault.com\/wp-content\/uploads\/2020\/04\/pefc-logo.png 1263w\" sizes=\"auto, (max-width: 539px) 100vw, 539px\" \/><\/figure>\n<\/div>\n\n\n\n<div class=\"wp-block-column is-layout-flow wp-block-column-is-layout-flow\" style=\"flex-basis:66.66%\">\n<p lang=\"de-DE\">Die Seekiefer- und Pappelsperrholzprodukte der THEBAULT-Gruppe verf\u00fcgen \u00fcber das PEFC Umweltzeichen, welches die Verwendung von Holz aus nachhaltiger Waldbewirtschaftung garantiert. Sowohl unter dem Gesichtspunkt der Waldressourcen als auch hinsichtlich Wirtschaftlichkeit und sozialer Verantwortung f\u00fcr die betroffene Bev\u00f6lkerung.<\/p>\n\n\n\n<p>Der PEFC-Prozess basiert auf Wald \u2013 und Unternehmenszertifizierungssystemen, so dass der Nachweis des Holzflusses innerhalb der holzwirtschaftlichen Betriebe vom Wald bis zum Holzhandel garantiert wird. Man spricht hier von einer so genannten\u201c Chain of Custody\u201c oder PEFC Kontrollproduktkette.<\/p>\n<\/div>\n<\/div>\n\n\n\n<p lang=\"fr-FR\"><span lang=\"de-DE\">Die Produktionsst\u00e4tten von Seekiefer- und Pappelsperrholz der THEBAULT-Gruppe sind PEFC zertifiziert. PEFC Zertifizierungsnummer der Produktkette PEFC 10-31-663 (Qual\/05-92), ausgestellt von QUALISUD am 31. Mai 2013<\/span><span lang=\"de-DE\">.<\/span><\/p>\n<p lang=\"fr-FR\"><a href=\"https:\/\/www.groupe-thebault.com\/de\/download\/636\/pefc-bescheinigung-der-chain-of-custody\/5773\/thebault_pefc_d_2023.pdf\"><span lang=\"en-GB\">\u25ba Download: PEFC Chain-of-Custody-Zertifizierung<\/span><\/a><\/p>\n\n\n\n<ul>\n<li><span class=\"editor-titre3\"><strong>FSC\u00ae : Forest Stewardship Council<\/strong><\/span><\/li>\n<\/ul>\n\n\n\n<div class=\"wp-block-columns is-layout-flex wp-container-core-columns-is-layout-9d6595d7 wp-block-columns-is-layout-flex\">\n<div class=\"wp-block-column is-layout-flow wp-block-column-is-layout-flow\" style=\"flex-basis:33.33%\">\n<figure class=\"wp-block-image size-large\"><img loading=\"lazy\" decoding=\"async\" width=\"651\" height=\"1024\" src=\"https:\/\/www.groupe-thebault.com\/wp-content\/uploads\/2020\/04\/FSC9JyKZ4-651x1024.jpeg\" alt=\"\" class=\"wp-image-2886\" srcset=\"https:\/\/www.groupe-thebault.com\/wp-content\/uploads\/2020\/04\/FSC9JyKZ4-651x1024.jpeg 651w, https:\/\/www.groupe-thebault.com\/wp-content\/uploads\/2020\/04\/FSC9JyKZ4-191x300.jpeg 191w, https:\/\/www.groupe-thebault.com\/wp-content\/uploads\/2020\/04\/FSC9JyKZ4.jpeg 759w\" sizes=\"auto, (max-width: 651px) 100vw, 651px\" \/><\/figure>\n<\/div>\n\n\n\n<div class=\"wp-block-column is-layout-flow wp-block-column-is-layout-flow\" style=\"flex-basis:66.66%\">\n<p><strong>Die THEBAULT GRUPPE hat f\u00fcr seine franz\u00f6sische Okoum\u00e9sperrholzaktivit\u00e4t die Wahl getroffen, das FSC\u00ae Zertifizierungssystem zu integrieren.<\/strong><\/p>\n\n\n\n<p>FSC\u00ae ist en Zertifizierungssystem mit anerkannten Leistungsvorschriften, Akkreditierungsprogrammen und Logo f\u00fcr die Unternehmen bzw. Organisationen, die sich mit der nachhaltigen Waldbewirtschaftung verpflichten m\u00f6chten. Die Zertifizierung basiert auf die Einhaltung von Prinzipien und Waldbewirtschaftungskriterien. Sie erm\u00f6glicht ebenso die zertifizierten Holzprodukte mit einem geeigneten sichtbaren Logo zu identifizieren. Mit dem FSC\u00ae Logo wird eine glaubw\u00fcrdige Verkn\u00fcpfung zwischen Produktion und einem verantwortungsvollen Verbrauch von Forstprodukten sichergestellt.<br class=\"autobr\">Somit wird eine Auswahl von Produkten aus Herstellersystemen genehmigt, die umweltfreundlich, sozial g\u00fcnstig und wirtschaftlich lebensf\u00e4hig sind.<\/p>\n<\/div>\n<\/div>\n\n\n\n<p lang=\"de-DE\">Die -Produktionsst\u00e4tte von Okoumesperrholz ist FSC\u00ae-zertifiziert, FSC\u00ae-Produktkettenzertifizierung (CoC) unter der Nummer BV-COC-112682, ausgestellt von BUREAU VERITAS CERTIFICATION France in Paris La D\u00e9fense (92).<\/p>\n<p lang=\"de-DE\"><span lang=\"en-GB\"><a href=\"https:\/\/www.groupe-thebault.com\/en\/download\/434\/fsc-attestation-of-chain-of-custody\/5246\/thebault_fsc_fr_gb_2020.pdf\" target=\"_blank\" rel=\"noopener noreferrer\">\u25ba Doxnload: FSC\u00ae Chain-of-Custody-Zertifizierung<\/a><\/span><\/p>\n\n\n\n<ul>\n<li><span class=\"editor-titre3\"><strong>EUTR<\/strong><\/span><\/li>\n<\/ul>\n\n\n\n<p lang=\"de-DE\">Die THEBAULT-Gruppe ist selbstverst\u00e4ndlich in voller \u00dcbereinstimmung mit der EUTR Holzverordnung der Europ\u00e4ischen Union im Rahmen des FLEGT Aktionsplan (Rechtsdurchsetzung, Politikgestaltung und Handel im Forstsektor) mit dem Ziel der vollst\u00e4ndigen Beseitigung von Illegalen Holz auf dem europ\u00e4ischen Markt.<\/p>\n\n\n\n<p lang=\"fr-FR\"><strong><span lang=\"de-DE\">3<\/span> <span lang=\"de-DE\">Hauptanforderungen der EU \u2013 Holzverordnung:<\/span><\/strong><\/p>\n<ul>\n<li>Verbot des Inverkehrbringens von illegal geernteten H\u00f6lzern&nbsp;Pflicht zur Registrierung von Handelspartnern.<\/li>\n<li>Due Diligence Verpflichtung (Sorgfaltspflicht) f\u00fcr die europ\u00e4ischen Marktteilnehmer.<\/li>\n<li>Verpflichtung f\u00fcr alle H\u00e4ndler, ihre Lieferanten und K\u00e4ufer zu identifizieren, mit Ausnahme von Privatpersonen.<\/li>\n<\/ul>\n\n\n\n<p lang=\"fr-FR\"><span lang=\"de-DE\"><a href=\"https:\/\/www.groupe-thebault.com\/download\/634\/eutr-erklaerung-sorgfaltspflichtverfahren\/5771\/thebault_rbue_attestation_d_2019.pdf\" target=\"_blank\" rel=\"noopener noreferrer\">\u25ba Download: EUTR ERKL\u00c4RUNG (Sorgfaltspflichtverfahren der THEBAULT Gruppe<\/a><\/span><span lang=\"de-DE\">)<\/span><\/p>\n\n\n\n<p><strong>Einsetzung des EUDR<\/strong><\/p>\n<p>Ab dem 30. Dezember 2025 ersetzt die Europ\u00e4ische Verordnung gegen Entwaldung und Waldsch\u00e4digung die EU-Holzhandelsverordnung (EUTR). Diese neue Verordnung hat zum Ziel, das Inverkehrbringen von Produkten auf dem europ\u00e4ischen Markt zu verbieten, die zur Entwaldung oder Waldsch\u00e4digung beitragen.<\/p>\n<p>Die Inverkehrbringer, Hersteller oder Importeure m\u00fcssen eine Sorgfaltspflichterkl\u00e4rung im Informationssystem der Europ\u00e4ischen Kommission TRACES ausf\u00fcllen.<\/p>\n\n\n\n<p><a href=\"https:\/\/www.groupe-thebault.com\/de\/download\/634\/eutr-erklaerung-sorgfaltspflichtverfahren\/12392\/thebault_com-rdue-2025_bd_d.pdf\">Brosch\u00fcre zur Einf\u00fchrung des RDUE herunterladen<\/a><\/p>\n\n\n\n<figure class=\"wp-block-image size-large\"><a href=\"https:\/\/www.groupe-thebault.com\/wp-content\/uploads\/2025\/04\/Schema-de-DDR_thebault_D-1024x724.jpg\"><img loading=\"lazy\" decoding=\"async\" width=\"1024\" height=\"724\" src=\"https:\/\/www.groupe-thebault.com\/wp-content\/uploads\/2025\/04\/Schema-de-DDR_thebault_D-1024x724.jpg\" alt=\"\" class=\"wp-image-12368\" srcset=\"https:\/\/www.groupe-thebault.com\/wp-content\/uploads\/2025\/04\/Schema-de-DDR_thebault_D-1024x724.jpg 1024w, https:\/\/www.groupe-thebault.com\/wp-content\/uploads\/2025\/04\/Schema-de-DDR_thebault_D-300x212.jpg 300w, https:\/\/www.groupe-thebault.com\/wp-content\/uploads\/2025\/04\/Schema-de-DDR_thebault_D-768x543.jpg 768w, https:\/\/www.groupe-thebault.com\/wp-content\/uploads\/2025\/04\/Schema-de-DDR_thebault_D-1536x1086.jpg 1536w, https:\/\/www.groupe-thebault.com\/wp-content\/uploads\/2025\/04\/Schema-de-DDR_thebault_D.jpg 1713w\" sizes=\"auto, (max-width: 1024px) 100vw, 1024px\" \/><\/a><\/figure>\n\n\n\n<p lang=\"fr-FR\"><span class=\"editor-titre\"><span lang=\"de-DE\">EIGENKONTROLLE DER AUSWIRKUNGEN UNSERER<\/span><span lang=\"de-DE\"> INDUSTRIELLEN AKTIVIT\u00c4TEN<\/span><\/span><\/p>\n\n\n\n<p>Neben der Beschaffung von Rundholz mit zertifizierter Herkunft sind wir um die Umweltvertr\u00e4glichkeit der Auswirkungen unserer industriellen Aktivit\u00e4t stets bem\u00fcht.<\/p>\n\n\n\n<ul>\n<li>Rundholzv<span lang=\"de-DE\">ersorgung mit Seekiefer- und Pappel<\/span> <span lang=\"de-DE\">aus den Waldgebieten Nahe der Produktionsst\u00e4tten<\/span><\/li>\n<li>Wasser- bzw. Energieverbrauchsmanagement bei der Herstellung unserer Produkte.<\/li>\n<li>Optimierung der Logistikabl\u00e4ufe und der mit dem Transport verbundenen Auswirkungen. Angebot von kombinierten Ladungen mit verschiedenen Produkten und Holzarten.<\/li>\n<li><span lang=\"de-DE\">Verwertung von Produktionsrestholz durch die Vermarktung von Nebenprodukten wie Sch\u00e4lkernen, Rinden, Furniersp\u00e4nen oder die Eigenherstellung von verdichteten Holzscheiten<\/span><span lang=\"de-DE\">.<\/span><\/li>\n<li>Nutzung von Biomasse zur Energieversorgung von Produktionsst\u00e4tten.<\/li>\n<\/ul>\n","protected":false},"excerpt":{"rendered":"<p>WALD \u00d6KOLABELS PEFC: Program for the Endorsement of Forest Certification Schemes\u201d Die Seekiefer- und Pappelsperrholzprodukte der THEBAULT-Gruppe verf\u00fcgen \u00fcber das PEFC Umweltzeichen, welches die Verwendung von Holz aus nachhaltiger Waldbewirtschaftung garantiert. Sowohl unter dem Gesichtspunkt der Waldressourcen als auch hinsichtlich Wirtschaftlichkeit und sozialer Verantwortung f\u00fcr die betroffene Bev\u00f6lkerung. Der PEFC-Prozess basiert auf Wald \u2013 und [&hellip;]<\/p>\n","protected":false},"author":1,"featured_media":0,"parent":5533,"menu_order":0,"comment_status":"closed","ping_status":"closed","template":"","meta":{"_acf_changed":false,"footnotes":""},"class_list":["post-5582","page","type-page","status-publish","hentry"],"acf":[],"yoast_head":"<!-- This site is optimized with the Yoast SEO plugin v26.8 - https:\/\/yoast.com\/product\/yoast-seo-wordpress\/ -->\n<title>Umwelt und \u00d6kolabels - Groupe Thebault<\/title>\n<meta name=\"robots\" content=\"index, follow, max-snippet:-1, max-image-preview:large, max-video-preview:-1\" \/>\n<link rel=\"canonical\" href=\"https:\/\/www.groupe-thebault.com\/de\/die-thebault-gruppe\/umwelt-und-umweltzeichen\/\" \/>\n<meta property=\"og:locale\" content=\"de_DE\" \/>\n<meta property=\"og:type\" content=\"article\" \/>\n<meta property=\"og:title\" content=\"Umwelt und \u00d6kolabels - Groupe Thebault\" \/>\n<meta property=\"og:description\" content=\"WALD \u00d6KOLABELS PEFC: Program for the Endorsement of Forest Certification Schemes\u201d Die Seekiefer- und Pappelsperrholzprodukte der THEBAULT-Gruppe verf\u00fcgen \u00fcber das PEFC Umweltzeichen, welches die Verwendung von Holz aus nachhaltiger Waldbewirtschaftung garantiert. Sowohl unter dem Gesichtspunkt der Waldressourcen als auch hinsichtlich Wirtschaftlichkeit und sozialer Verantwortung f\u00fcr die betroffene Bev\u00f6lkerung. Der PEFC-Prozess basiert auf Wald \u2013 und [&hellip;]\" \/>\n<meta property=\"og:url\" content=\"https:\/\/www.groupe-thebault.com\/de\/die-thebault-gruppe\/umwelt-und-umweltzeichen\/\" \/>\n<meta property=\"og:site_name\" content=\"Groupe Thebault\" \/>\n<meta property=\"article:modified_time\" content=\"2025-04-18T12:51:19+00:00\" \/>\n<meta property=\"og:image\" content=\"https:\/\/www.groupe-thebault.com\/wp-content\/uploads\/2020\/04\/pefc-logo.png\" \/>\n\t<meta property=\"og:image:width\" content=\"1263\" \/>\n\t<meta property=\"og:image:height\" content=\"2400\" \/>\n\t<meta property=\"og:image:type\" content=\"image\/png\" \/>\n<meta name=\"twitter:card\" content=\"summary_large_image\" \/>\n<meta name=\"twitter:label1\" content=\"Gesch\u00e4tzte Lesezeit\" \/>\n\t<meta name=\"twitter:data1\" content=\"3\u00a0Minuten\" \/>\n<script type=\"application\/ld+json\" class=\"yoast-schema-graph\">{\"@context\":\"https:\/\/schema.org\",\"@graph\":[{\"@type\":\"WebPage\",\"@id\":\"https:\/\/www.groupe-thebault.com\/de\/die-thebault-gruppe\/umwelt-und-umweltzeichen\/\",\"url\":\"https:\/\/www.groupe-thebault.com\/de\/die-thebault-gruppe\/umwelt-und-umweltzeichen\/\",\"name\":\"Umwelt und \u00d6kolabels - Groupe Thebault\",\"isPartOf\":{\"@id\":\"https:\/\/www.groupe-thebault.com\/#website\"},\"primaryImageOfPage\":{\"@id\":\"https:\/\/www.groupe-thebault.com\/de\/die-thebault-gruppe\/umwelt-und-umweltzeichen\/#primaryimage\"},\"image\":{\"@id\":\"https:\/\/www.groupe-thebault.com\/de\/die-thebault-gruppe\/umwelt-und-umweltzeichen\/#primaryimage\"},\"thumbnailUrl\":\"https:\/\/www.groupe-thebault.com\/wp-content\/uploads\/2020\/04\/pefc-logo-539x1024.png\",\"datePublished\":\"2020-05-19T15:30:15+00:00\",\"dateModified\":\"2025-04-18T12:51:19+00:00\",\"breadcrumb\":{\"@id\":\"https:\/\/www.groupe-thebault.com\/de\/die-thebault-gruppe\/umwelt-und-umweltzeichen\/#breadcrumb\"},\"inLanguage\":\"de\",\"potentialAction\":[{\"@type\":\"ReadAction\",\"target\":[\"https:\/\/www.groupe-thebault.com\/de\/die-thebault-gruppe\/umwelt-und-umweltzeichen\/\"]}]},{\"@type\":\"ImageObject\",\"inLanguage\":\"de\",\"@id\":\"https:\/\/www.groupe-thebault.com\/de\/die-thebault-gruppe\/umwelt-und-umweltzeichen\/#primaryimage\",\"url\":\"https:\/\/www.groupe-thebault.com\/wp-content\/uploads\/2020\/04\/pefc-logo-539x1024.png\",\"contentUrl\":\"https:\/\/www.groupe-thebault.com\/wp-content\/uploads\/2020\/04\/pefc-logo-539x1024.png\"},{\"@type\":\"BreadcrumbList\",\"@id\":\"https:\/\/www.groupe-thebault.com\/de\/die-thebault-gruppe\/umwelt-und-umweltzeichen\/#breadcrumb\",\"itemListElement\":[{\"@type\":\"ListItem\",\"position\":1,\"name\":\"Accueil\",\"item\":\"https:\/\/www.groupe-thebault.com\/de\/\"},{\"@type\":\"ListItem\",\"position\":2,\"name\":\"Die Thebault-Gruppe\",\"item\":\"https:\/\/www.groupe-thebault.com\/de\/die-thebault-gruppe\/\"},{\"@type\":\"ListItem\",\"position\":3,\"name\":\"Umwelt und \u00d6kolabels\"}]},{\"@type\":\"WebSite\",\"@id\":\"https:\/\/www.groupe-thebault.com\/#website\",\"url\":\"https:\/\/www.groupe-thebault.com\/\",\"name\":\"Groupe Thebault\",\"description\":\"Construire ensemble le monde de demain\",\"potentialAction\":[{\"@type\":\"SearchAction\",\"target\":{\"@type\":\"EntryPoint\",\"urlTemplate\":\"https:\/\/www.groupe-thebault.com\/?s={search_term_string}\"},\"query-input\":{\"@type\":\"PropertyValueSpecification\",\"valueRequired\":true,\"valueName\":\"search_term_string\"}}],\"inLanguage\":\"de\"}]}<\/script>\n<!-- \/ Yoast SEO plugin. -->","yoast_head_json":{"title":"Umwelt und \u00d6kolabels - Groupe Thebault","robots":{"index":"index","follow":"follow","max-snippet":"max-snippet:-1","max-image-preview":"max-image-preview:large","max-video-preview":"max-video-preview:-1"},"canonical":"https:\/\/www.groupe-thebault.com\/de\/die-thebault-gruppe\/umwelt-und-umweltzeichen\/","og_locale":"de_DE","og_type":"article","og_title":"Umwelt und \u00d6kolabels - Groupe Thebault","og_description":"WALD \u00d6KOLABELS PEFC: Program for the Endorsement of Forest Certification Schemes\u201d Die Seekiefer- und Pappelsperrholzprodukte der THEBAULT-Gruppe verf\u00fcgen \u00fcber das PEFC Umweltzeichen, welches die Verwendung von Holz aus nachhaltiger Waldbewirtschaftung garantiert. Sowohl unter dem Gesichtspunkt der Waldressourcen als auch hinsichtlich Wirtschaftlichkeit und sozialer Verantwortung f\u00fcr die betroffene Bev\u00f6lkerung. Der PEFC-Prozess basiert auf Wald \u2013 und [&hellip;]","og_url":"https:\/\/www.groupe-thebault.com\/de\/die-thebault-gruppe\/umwelt-und-umweltzeichen\/","og_site_name":"Groupe Thebault","article_modified_time":"2025-04-18T12:51:19+00:00","og_image":[{"width":1263,"height":2400,"url":"https:\/\/www.groupe-thebault.com\/wp-content\/uploads\/2020\/04\/pefc-logo.png","type":"image\/png"}],"twitter_card":"summary_large_image","twitter_misc":{"Gesch\u00e4tzte Lesezeit":"3\u00a0Minuten"},"schema":{"@context":"https:\/\/schema.org","@graph":[{"@type":"WebPage","@id":"https:\/\/www.groupe-thebault.com\/de\/die-thebault-gruppe\/umwelt-und-umweltzeichen\/","url":"https:\/\/www.groupe-thebault.com\/de\/die-thebault-gruppe\/umwelt-und-umweltzeichen\/","name":"Umwelt und \u00d6kolabels - Groupe Thebault","isPartOf":{"@id":"https:\/\/www.groupe-thebault.com\/#website"},"primaryImageOfPage":{"@id":"https:\/\/www.groupe-thebault.com\/de\/die-thebault-gruppe\/umwelt-und-umweltzeichen\/#primaryimage"},"image":{"@id":"https:\/\/www.groupe-thebault.com\/de\/die-thebault-gruppe\/umwelt-und-umweltzeichen\/#primaryimage"},"thumbnailUrl":"https:\/\/www.groupe-thebault.com\/wp-content\/uploads\/2020\/04\/pefc-logo-539x1024.png","datePublished":"2020-05-19T15:30:15+00:00","dateModified":"2025-04-18T12:51:19+00:00","breadcrumb":{"@id":"https:\/\/www.groupe-thebault.com\/de\/die-thebault-gruppe\/umwelt-und-umweltzeichen\/#breadcrumb"},"inLanguage":"de","potentialAction":[{"@type":"ReadAction","target":["https:\/\/www.groupe-thebault.com\/de\/die-thebault-gruppe\/umwelt-und-umweltzeichen\/"]}]},{"@type":"ImageObject","inLanguage":"de","@id":"https:\/\/www.groupe-thebault.com\/de\/die-thebault-gruppe\/umwelt-und-umweltzeichen\/#primaryimage","url":"https:\/\/www.groupe-thebault.com\/wp-content\/uploads\/2020\/04\/pefc-logo-539x1024.png","contentUrl":"https:\/\/www.groupe-thebault.com\/wp-content\/uploads\/2020\/04\/pefc-logo-539x1024.png"},{"@type":"BreadcrumbList","@id":"https:\/\/www.groupe-thebault.com\/de\/die-thebault-gruppe\/umwelt-und-umweltzeichen\/#breadcrumb","itemListElement":[{"@type":"ListItem","position":1,"name":"Accueil","item":"https:\/\/www.groupe-thebault.com\/de\/"},{"@type":"ListItem","position":2,"name":"Die Thebault-Gruppe","item":"https:\/\/www.groupe-thebault.com\/de\/die-thebault-gruppe\/"},{"@type":"ListItem","position":3,"name":"Umwelt und \u00d6kolabels"}]},{"@type":"WebSite","@id":"https:\/\/www.groupe-thebault.com\/#website","url":"https:\/\/www.groupe-thebault.com\/","name":"Groupe Thebault","description":"Construire ensemble le monde de demain","potentialAction":[{"@type":"SearchAction","target":{"@type":"EntryPoint","urlTemplate":"https:\/\/www.groupe-thebault.com\/?s={search_term_string}"},"query-input":{"@type":"PropertyValueSpecification","valueRequired":true,"valueName":"search_term_string"}}],"inLanguage":"de"}]}},"_links":{"self":[{"href":"https:\/\/www.groupe-thebault.com\/de\/wp-json\/wp\/v2\/pages\/5582","targetHints":{"allow":["GET"]}}],"collection":[{"href":"https:\/\/www.groupe-thebault.com\/de\/wp-json\/wp\/v2\/pages"}],"about":[{"href":"https:\/\/www.groupe-thebault.com\/de\/wp-json\/wp\/v2\/types\/page"}],"author":[{"embeddable":true,"href":"https:\/\/www.groupe-thebault.com\/de\/wp-json\/wp\/v2\/users\/1"}],"replies":[{"embeddable":true,"href":"https:\/\/www.groupe-thebault.com\/de\/wp-json\/wp\/v2\/comments?post=5582"}],"version-history":[{"count":9,"href":"https:\/\/www.groupe-thebault.com\/de\/wp-json\/wp\/v2\/pages\/5582\/revisions"}],"predecessor-version":[{"id":12406,"href":"https:\/\/www.groupe-thebault.com\/de\/wp-json\/wp\/v2\/pages\/5582\/revisions\/12406"}],"up":[{"embeddable":true,"href":"https:\/\/www.groupe-thebault.com\/de\/wp-json\/wp\/v2\/pages\/5533"}],"wp:attachment":[{"href":"https:\/\/www.groupe-thebault.com\/de\/wp-json\/wp\/v2\/media?parent=5582"}],"curies":[{"name":"wp","href":"https:\/\/api.w.org\/{rel}","templated":true}]}}